{"id":97,"date":"2020-08-24T13:38:31","date_gmt":"2020-08-24T13:38:31","guid":{"rendered":"https:\/\/stockholm86.qodeinteractive.com\/?page_id=97"},"modified":"2024-06-15T17:02:50","modified_gmt":"2024-06-15T14:02:50","slug":"biz-kimiz","status":"publish","type":"page","link":"https:\/\/kremafilm.com\/en\/biz-kimiz\/","title":{"rendered":"About Us"},"content":{"rendered":"<div data-elementor-type=\"wp-page\" data-elementor-id=\"97\" class=\"elementor elementor-97\">\n\t\t\t\t\t\t\t\t\t<section class=\"elementor-section elementor-top-section elementor-element elementor-element-acfdbe7 elementor-section-full_width elementor-section-height-default elementor-section-height-default parallax_section_no qode_elementor_container_no qode-content-aligment-left\" data-id=\"acfdbe7\" data-element_type=\"section\">\n\t\t\t\t\t\t<div class=\"elementor-container elementor-column-gap-default\">\n\t\t\t\t\t<div class=\"elementor-column elementor-col-100 elementor-top-column elementor-element elementor-element-1bd6357\" data-id=\"1bd6357\" data-element_type=\"column\">\n\t\t\t<div class=\"elementor-widget-wrap elementor-element-populated\">\n\t\t\t\t\t\t\t\t<div class=\"elementor-element elementor-element-e06f131 elementor-widget elementor-widget-slider_revolution\" data-id=\"e06f131\" data-element_type=\"widget\" data-widget_type=\"slider_revolution.default\">\n\t\t\t\t<div class=\"elementor-widget-container\">\n\t\t\t\n\t\t<div class=\"wp-block-themepunch-revslider\">\n\t\t\t<!-- START home REVOLUTION SLIDER 6.5.11 --><p class=\"rs-p-wp-fix\"><\/p>\n\t\t\t<rs-module-wrap id=\"rev_slider_1_1_wrapper\" data-source=\"gallery\" style=\"visibility:hidden;background:transparent;padding:0;margin:0px auto;margin-top:0;margin-bottom:0;\">\n\t\t\t\t<rs-module id=\"rev_slider_1_1\" style=\"\" data-version=\"6.5.11\">\n\t\t\t\t\t<rs-slides>\n\t\t\t\t\t\t<rs-slide style=\"position: absolute;\" data-key=\"rs-1\" data-title=\"Slide\" data-in=\"o:0;\" data-out=\"a:false;\">\n\t\t\t\t\t\t\t<img decoding=\"async\" src=\"\/\/kremafilm.com\/wp-content\/plugins\/revslider\/public\/assets\/assets\/dummy.png\" alt=\"Slide\" title=\"About Us\" class=\"rev-slidebg tp-rs-img rs-lazyload\" data-lazyload=\"\/\/kremafilm.com\/wp-content\/plugins\/revslider\/public\/assets\/assets\/transparent.png\" data-no-retina>\n<!--\n\t\t\t\t\t\t\t--><rs-layer\n\t\t\t\t\t\t\t\tid=\"slider-1-slide-1-layer-0\" \n\t\t\t\t\t\t\t\tdata-type=\"image\"\n\t\t\t\t\t\t\t\tdata-xy=\"xo:80px,55px,55px,30px;y:m;yo:-5px,-60px,-60px,-60px;\"\n\t\t\t\t\t\t\t\tdata-text=\"w:normal;\"\n\t\t\t\t\t\t\t\tdata-dim=\"w:1347px,647px,580px,287px;h:305px,90px,81px,40px;\"\n\t\t\t\t\t\t\t\tdata-basealign=\"slide\"\n\t\t\t\t\t\t\t\tdata-rsp_o=\"off\"\n\t\t\t\t\t\t\t\tdata-rsp_bd=\"off\"\n\t\t\t\t\t\t\t\tdata-frame_0=\"y:100%;\"\n\t\t\t\t\t\t\t\tdata-frame_0_mask=\"u:t;\"\n\t\t\t\t\t\t\t\tdata-frame_1=\"st:50;sp:1200;sR:50;\"\n\t\t\t\t\t\t\t\tdata-frame_1_mask=\"u:t;\"\n\t\t\t\t\t\t\t\tdata-frame_999=\"o:0;st:w;sR:7750;\"\n\t\t\t\t\t\t\t\tstyle=\"z-index:8;\"\n\t\t\t\t\t\t\t><img fetchpriority=\"high\" decoding=\"async\" src=\"\/\/kremafilm.com\/wp-content\/plugins\/revslider\/public\/assets\/assets\/dummy.png\" class=\"tp-rs-img rs-lazyload\" width=\"1557\" height=\"353\" data-lazyload=\"\/\/kremafilm.com\/wp-content\/uploads\/2024\/01\/yeni-slider-resim-1.png\" data-no-retina> \n\t\t\t\t\t\t\t<\/rs-layer><!--\n-->\t\t\t\t\t\t<\/rs-slide>\n\t\t\t\t\t<\/rs-slides>\n\t\t\t\t<\/rs-module>\n\t\t\t\t<script type=\"text\/javascript\">\n\t\t\t\t\tsetREVStartSize({c: 'rev_slider_1_1',rl:[1240,1024,778,480],el:[350,420,500,420],gw:[1240,1024,778,480],gh:[350,420,500,420],type:'standard',justify:'',layout:'fullwidth',mh:\"0\"});if (window.RS_MODULES!==undefined && window.RS_MODULES.modules!==undefined && window.RS_MODULES.modules[\"revslider11\"]!==undefined) {window.RS_MODULES.modules[\"revslider11\"].once = false;window.revapi1 = undefined;if (window.RS_MODULES.checkMinimal!==undefined) window.RS_MODULES.checkMinimal()}\n\t\t\t\t<\/script>\n\t\t\t<\/rs-module-wrap>\n\t\t\t<!-- END REVOLUTION SLIDER -->\n<\/div>\n\n\t\t\t\t<\/div>\n\t\t\t\t<\/div>\n\t\t\t\t\t<\/div>\n\t\t<\/div>\n\t\t\t\t\t\t\t<\/div>\n\t\t<\/section>\n\t\t\t\t<section class=\"elementor-section elementor-top-section elementor-element elementor-element-640eab5 elementor-section-full_width elementor-section-height-default elementor-section-height-default parallax_section_no qode_elementor_container_no qode-content-aligment-left\" data-id=\"640eab5\" data-element_type=\"section\">\n\t\t\t\t\t\t<div class=\"elementor-container elementor-column-gap-default\">\n\t\t\t\t\t<div class=\"elementor-column elementor-col-100 elementor-top-column elementor-element elementor-element-4664eac\" data-id=\"4664eac\" data-element_type=\"column\">\n\t\t\t<div class=\"elementor-widget-wrap elementor-element-populated\">\n\t\t\t\t\t\t\t\t<div class=\"elementor-element elementor-element-b9d515e elementor-widget-divider--view-line elementor-widget elementor-widget-divider\" data-id=\"b9d515e\" data-element_type=\"widget\" data-widget_type=\"divider.default\">\n\t\t\t\t<div class=\"elementor-widget-container\">\n\t\t\t<style>\/*! elementor - v3.18.0 - 20-12-2023 *\/\n.elementor-widget-divider{--divider-border-style:none;--divider-border-width:1px;--divider-color:#0c0d0e;--divider-icon-size:20px;--divider-element-spacing:10px;--divider-pattern-height:24px;--divider-pattern-size:20px;--divider-pattern-url:none;--divider-pattern-repeat:repeat-x}.elementor-widget-divider .elementor-divider{display:flex}.elementor-widget-divider .elementor-divider__text{font-size:15px;line-height:1;max-width:95%}.elementor-widget-divider .elementor-divider__element{margin:0 var(--divider-element-spacing);flex-shrink:0}.elementor-widget-divider .elementor-icon{font-size:var(--divider-icon-size)}.elementor-widget-divider .elementor-divider-separator{display:flex;margin:0;direction:ltr}.elementor-widget-divider--view-line_icon .elementor-divider-separator,.elementor-widget-divider--view-line_text .elementor-divider-separator{align-items:center}.elementor-widget-divider--view-line_icon .elementor-divider-separator:after,.elementor-widget-divider--view-line_icon .elementor-divider-separator:before,.elementor-widget-divider--view-line_text .elementor-divider-separator:after,.elementor-widget-divider--view-line_text .elementor-divider-separator:before{display:block;content:\"\";border-bottom:0;flex-grow:1;border-top:var(--divider-border-width) var(--divider-border-style) var(--divider-color)}.elementor-widget-divider--element-align-left .elementor-divider .elementor-divider-separator>.elementor-divider__svg:first-of-type{flex-grow:0;flex-shrink:100}.elementor-widget-divider--element-align-left .elementor-divider-separator:before{content:none}.elementor-widget-divider--element-align-left .elementor-divider__element{margin-left:0}.elementor-widget-divider--element-align-right .elementor-divider .elementor-divider-separator>.elementor-divider__svg:last-of-type{flex-grow:0;flex-shrink:100}.elementor-widget-divider--element-align-right .elementor-divider-separator:after{content:none}.elementor-widget-divider--element-align-right .elementor-divider__element{margin-right:0}.elementor-widget-divider:not(.elementor-widget-divider--view-line_text):not(.elementor-widget-divider--view-line_icon) .elementor-divider-separator{border-top:var(--divider-border-width) var(--divider-border-style) var(--divider-color)}.elementor-widget-divider--separator-type-pattern{--divider-border-style:none}.elementor-widget-divider--separator-type-pattern.elementor-widget-divider--view-line .elementor-divider-separator,.elementor-widget-divider--separator-type-pattern:not(.elementor-widget-divider--view-line) .elementor-divider-separator:after,.elementor-widget-divider--separator-type-pattern:not(.elementor-widget-divider--view-line) .elementor-divider-separator:before,.elementor-widget-divider--separator-type-pattern:not([class*=elementor-widget-divider--view]) .elementor-divider-separator{width:100%;min-height:var(--divider-pattern-height);-webkit-mask-size:var(--divider-pattern-size) 100%;mask-size:var(--divider-pattern-size) 100%;-webkit-mask-repeat:var(--divider-pattern-repeat);mask-repeat:var(--divider-pattern-repeat);background-color:var(--divider-color);-webkit-mask-image:var(--divider-pattern-url);mask-image:var(--divider-pattern-url)}.elementor-widget-divider--no-spacing{--divider-pattern-size:auto}.elementor-widget-divider--bg-round{--divider-pattern-repeat:round}.rtl .elementor-widget-divider .elementor-divider__text{direction:rtl}.e-con-inner>.elementor-widget-divider,.e-con>.elementor-widget-divider{width:var(--container-widget-width,100%);--flex-grow:var(--container-widget-flex-grow)}<\/style>\t\t<div class=\"elementor-divider\">\n\t\t\t<span class=\"elementor-divider-separator\">\n\t\t\t\t\t\t<\/span>\n\t\t<\/div>\n\t\t\t\t<\/div>\n\t\t\t\t<\/div>\n\t\t\t\t\t<\/div>\n\t\t<\/div>\n\t\t\t\t\t\t\t<\/div>\n\t\t<\/section>\n\t\t\t\t<section class=\"elementor-section elementor-top-section elementor-element elementor-element-6073aec elementor-section-full_width elementor-section-content-middle elementor-section-height-default elementor-section-height-default parallax_section_no qode_elementor_container_no qode-content-aligment-left\" data-id=\"6073aec\" data-element_type=\"section\">\n\t\t\t\t\t\t<div class=\"elementor-container elementor-column-gap-default\">\n\t\t\t\t\t<div class=\"elementor-column elementor-col-100 elementor-top-column elementor-element elementor-element-804c18a\" data-id=\"804c18a\" data-element_type=\"column\">\n\t\t\t<div class=\"elementor-widget-wrap elementor-element-populated\">\n\t\t\t\t\t\t\t\t<div class=\"elementor-element elementor-element-89f42f3 elementor-widget elementor-widget-text-editor\" data-id=\"89f42f3\" data-element_type=\"widget\" data-widget_type=\"text-editor.default\">\n\t\t\t\t<div class=\"elementor-widget-container\">\n\t\t\t<style>\/*! elementor - v3.18.0 - 20-12-2023 *\/\n.elementor-widget-text-editor.elementor-drop-cap-view-stacked .elementor-drop-cap{background-color:#69727d;color:#fff}.elementor-widget-text-editor.elementor-drop-cap-view-framed .elementor-drop-cap{color:#69727d;border:3px solid;background-color:transparent}.elementor-widget-text-editor:not(.elementor-drop-cap-view-default) .elementor-drop-cap{margin-top:8px}.elementor-widget-text-editor:not(.elementor-drop-cap-view-default) .elementor-drop-cap-letter{width:1em;height:1em}.elementor-widget-text-editor .elementor-drop-cap{float:left;text-align:center;line-height:1;font-size:50px}.elementor-widget-text-editor .elementor-drop-cap-letter{display:inline-block}<\/style>\t\t\t\t<h3>About Us<\/h3>\t\t\t\t\t\t<\/div>\n\t\t\t\t<\/div>\n\t\t\t\t<div class=\"elementor-element elementor-element-d150766 elementor-widget elementor-widget-text-editor\" data-id=\"d150766\" data-element_type=\"widget\" data-widget_type=\"text-editor.default\">\n\t\t\t\t<div class=\"elementor-widget-container\">\n\t\t\t\t\t\t\t<p>It was established in Istanbul in 2023 for ethical and commercial independent cinema production. It carries out all film production processes with utmost attention to union and legal boundaries. It carries out joint work with all public and private sector stakeholders. It produces documentaries, short and feature films in Turkey, but is based on working at European standards.<\/p>\t\t\t\t\t\t<\/div>\n\t\t\t\t<\/div>\n\t\t\t\t\t<\/div>\n\t\t<\/div>\n\t\t\t\t\t\t\t<\/div>\n\t\t<\/section>\n\t\t<div class=\"elementor-element elementor-element-713c08b e-con-full e-flex e-con e-parent\" data-id=\"713c08b\" data-element_type=\"container\" data-settings=\"{&quot;content_width&quot;:&quot;full&quot;}\" data-core-v316-plus=\"true\">\n\t\t<div class=\"elementor-element elementor-element-a682c4d e-con-full e-flex e-con e-child\" data-id=\"a682c4d\" data-element_type=\"container\" data-settings=\"{&quot;content_width&quot;:&quot;full&quot;}\">\n\t\t\t\t<div class=\"elementor-element elementor-element-3469fb4 elementor-widget elementor-widget-team\" data-id=\"3469fb4\" data-element_type=\"widget\" data-widget_type=\"team.default\">\n\t\t\t\t<div class=\"elementor-widget-container\">\n\t\t\t<div class='q_team'><div class='q_team_inner'><div class='q_team_image'><img decoding=\"async\" src=\"https:\/\/kremafilm.com\/wp-content\/uploads\/2024\/06\/WhatsApp-Image-2024-06-15-at-15.58.57-scaled-e1718460153764.jpeg\" alt=\"team_image\"  \/><div class='q_team_social_holder' ><div class='q_team_social'><div class='q_team_social_inner'><\/div><\/div><\/div><\/div><div class='q_team_text' ><div class='q_team_text_inner'><div class='q_team_title_holder'><h6 class='q_team_position' >Founder<\/h6><h3 class='q_team_name' >Ekrem Ayhan \u00c7akay <\/h3><\/div><div class='q_team_social_holder_below_title'><span class='q_social_icon_holder with_link circle_social' ><a href='https:\/\/www.instagram.com\/ekremandayhan\/' target='_blank'><span class='fa-stack  circle_social' style=''><i class='social_icon fa fa-instagram'><\/i><\/span><\/a><\/span><span class='q_social_icon_holder with_link circle_social' ><a href='https:\/\/vimeo.com\/user33627242' target='_blank'><span class='fa-stack  circle_social' style=''><i class='social_icon fa fa-vimeo'><\/i><\/span><\/a><\/span><\/div><\/div><\/div><\/div><\/div>\t\t<\/div>\n\t\t\t\t<\/div>\n\t\t\t\t<\/div>\n\t\t<div class=\"elementor-element elementor-element-caf9ce3 e-con-full e-flex e-con e-child\" data-id=\"caf9ce3\" data-element_type=\"container\" data-settings=\"{&quot;content_width&quot;:&quot;full&quot;}\">\n\t\t\t\t<div class=\"elementor-element elementor-element-7d9caef elementor-widget elementor-widget-team\" data-id=\"7d9caef\" data-element_type=\"widget\" data-widget_type=\"team.default\">\n\t\t\t\t<div class=\"elementor-widget-container\">\n\t\t\t<div class='q_team'><div class='q_team_inner'><div class='q_team_image'><img decoding=\"async\" src=\"https:\/\/kremafilm.com\/wp-content\/uploads\/2024\/01\/Elif-Yasar-1-min.png\" alt=\"team_image\"  \/><div class='q_team_social_holder' ><div class='q_team_social'><div class='q_team_social_inner'><\/div><\/div><\/div><\/div><div class='q_team_text' ><div class='q_team_text_inner'><div class='q_team_title_holder'><h6 class='q_team_position' >Coordinator<\/h6><h3 class='q_team_name' >Elif Ya\u015far<\/h3><\/div><div class='q_team_social_holder_below_title'><span class='q_social_icon_holder with_link circle_social' ><a href='https:\/\/www.instagram.com\/elifayasar?utm_source=ig_web_button_share_sheet&igsh=ZDNlZDc0MzIxNw==' target='_blank'><span class='fa-stack  circle_social' style=''><i class='social_icon fa fa-instagram'><\/i><\/span><\/a><\/span><span class='q_social_icon_holder with_link circle_social' ><a href='https:\/\/vimeo.com\/' target='_blank'><span class='fa-stack  circle_social' style=''><i class='social_icon fa fa-vimeo'><\/i><\/span><\/a><\/span><\/div><\/div><\/div><\/div><\/div>\t\t<\/div>\n\t\t\t\t<\/div>\n\t\t\t\t<\/div>\n\t\t<div class=\"elementor-element elementor-element-9a4c0f0 e-con-full e-flex e-con e-child\" data-id=\"9a4c0f0\" data-element_type=\"container\" data-settings=\"{&quot;content_width&quot;:&quot;full&quot;}\">\n\t\t\t\t<\/div>\n\t\t\t\t<\/div>\n\t\t\t\t\t\t\t<\/div>","protected":false},"excerpt":{"rendered":"<p>Hakk\u0131m\u0131zda 2023 y\u0131l\u0131nda etik ve ticari ba\u011f\u0131ms\u0131z sinema \u00fcretimi i\u00e7in \u0130stanbul\u2019da kurulmu\u015ftur.T\u00fcm film yap\u0131m s\u00fcre\u00e7lerini sendikal ve yasal s\u0131n\u0131rlara azami dikkatle ger\u00e7ekle\u015ftirir. T\u00fcm kamu ve \u00f6zel sekt\u00f6r payda\u015flar\u0131 ile ortak \u00e7al\u0131\u015fmalar y\u00fcr\u00fct\u00fcr. T\u00fcrkiye\u2019de belgesel, k\u0131sa ve uzun metraj film \u00fcretimi yapar fakat Avrupa standartlar\u0131nda \u00e7al\u0131\u015fmay\u0131&#8230;<\/p>","protected":false},"author":1,"featured_media":0,"parent":0,"menu_order":0,"comment_status":"closed","ping_status":"closed","template":"full_width.php","meta":{"footnotes":""},"yoast_head":"<!-- This site is optimized with the Yoast SEO plugin v21.9.1 - https:\/\/yoast.com\/wordpress\/plugins\/seo\/ -->\n<title>Biz Kimiz - Krema Film<\/title>\n<meta name=\"robots\" content=\"index, follow, max-snippet:-1, max-image-preview:large, max-video-preview:-1\" \/>\n<link rel=\"canonical\" href=\"https:\/\/kremafilm.com\/en\/biz-kimiz\/\" \/>\n<meta property=\"og:locale\" content=\"en_US\" \/>\n<meta property=\"og:type\" content=\"article\" \/>\n<meta property=\"og:title\" content=\"Biz Kimiz - Krema Film\" \/>\n<meta property=\"og:description\" content=\"Hakk\u0131m\u0131zda 2023 y\u0131l\u0131nda etik ve ticari ba\u011f\u0131ms\u0131z sinema \u00fcretimi i\u00e7in \u0130stanbul\u2019da kurulmu\u015ftur.T\u00fcm film yap\u0131m s\u00fcre\u00e7lerini sendikal ve yasal s\u0131n\u0131rlara azami dikkatle ger\u00e7ekle\u015ftirir. T\u00fcm kamu ve \u00f6zel sekt\u00f6r payda\u015flar\u0131 ile ortak \u00e7al\u0131\u015fmalar y\u00fcr\u00fct\u00fcr. T\u00fcrkiye\u2019de belgesel, k\u0131sa ve uzun metraj film \u00fcretimi yapar fakat Avrupa standartlar\u0131nda \u00e7al\u0131\u015fmay\u0131...\" \/>\n<meta property=\"og:url\" content=\"https:\/\/kremafilm.com\/en\/biz-kimiz\/\" \/>\n<meta property=\"og:site_name\" content=\"Krema Film\" \/>\n<meta property=\"article:modified_time\" content=\"2024-06-15T14:02:50+00:00\" \/>\n<meta property=\"og:image\" content=\"https:\/\/kremafilm.com\/wp-content\/uploads\/2024\/06\/WhatsApp-Image-2024-06-15-at-15.58.57-scaled-e1718460153764.jpeg\" \/>\n<meta name=\"twitter:card\" content=\"summary_large_image\" \/>\n<meta name=\"twitter:label1\" content=\"Est. reading time\" \/>\n\t<meta name=\"twitter:data1\" content=\"1 minute\" \/>\n<script type=\"application\/ld+json\" class=\"yoast-schema-graph\">{\"@context\":\"https:\/\/schema.org\",\"@graph\":[{\"@type\":\"WebPage\",\"@id\":\"https:\/\/kremafilm.com\/biz-kimiz\/\",\"url\":\"https:\/\/kremafilm.com\/biz-kimiz\/\",\"name\":\"Biz Kimiz - Krema Film\",\"isPartOf\":{\"@id\":\"https:\/\/kremafilm.com\/#website\"},\"datePublished\":\"2020-08-24T13:38:31+00:00\",\"dateModified\":\"2024-06-15T14:02:50+00:00\",\"breadcrumb\":{\"@id\":\"https:\/\/kremafilm.com\/biz-kimiz\/#breadcrumb\"},\"inLanguage\":\"en-US\",\"potentialAction\":[{\"@type\":\"ReadAction\",\"target\":[\"https:\/\/kremafilm.com\/biz-kimiz\/\"]}]},{\"@type\":\"BreadcrumbList\",\"@id\":\"https:\/\/kremafilm.com\/biz-kimiz\/#breadcrumb\",\"itemListElement\":[{\"@type\":\"ListItem\",\"position\":1,\"name\":\"Anasayfa\",\"item\":\"https:\/\/kremafilm.com\/\"},{\"@type\":\"ListItem\",\"position\":2,\"name\":\"Biz Kimiz\"}]},{\"@type\":\"WebSite\",\"@id\":\"https:\/\/kremafilm.com\/#website\",\"url\":\"https:\/\/kremafilm.com\/\",\"name\":\"Krema Film\",\"description\":\"Shot Outside the Box\",\"potentialAction\":[{\"@type\":\"SearchAction\",\"target\":{\"@type\":\"EntryPoint\",\"urlTemplate\":\"https:\/\/kremafilm.com\/?s={search_term_string}\"},\"query-input\":\"required name=search_term_string\"}],\"inLanguage\":\"en-US\"}]}<\/script>\n<!-- \/ Yoast SEO plugin. -->","yoast_head_json":{"title":"Biz Kimiz - Krema Film","robots":{"index":"index","follow":"follow","max-snippet":"max-snippet:-1","max-image-preview":"max-image-preview:large","max-video-preview":"max-video-preview:-1"},"canonical":"https:\/\/kremafilm.com\/en\/biz-kimiz\/","og_locale":"en_US","og_type":"article","og_title":"Biz Kimiz - Krema Film","og_description":"Hakk\u0131m\u0131zda 2023 y\u0131l\u0131nda etik ve ticari ba\u011f\u0131ms\u0131z sinema \u00fcretimi i\u00e7in \u0130stanbul\u2019da kurulmu\u015ftur.T\u00fcm film yap\u0131m s\u00fcre\u00e7lerini sendikal ve yasal s\u0131n\u0131rlara azami dikkatle ger\u00e7ekle\u015ftirir. T\u00fcm kamu ve \u00f6zel sekt\u00f6r payda\u015flar\u0131 ile ortak \u00e7al\u0131\u015fmalar y\u00fcr\u00fct\u00fcr. T\u00fcrkiye\u2019de belgesel, k\u0131sa ve uzun metraj film \u00fcretimi yapar fakat Avrupa standartlar\u0131nda \u00e7al\u0131\u015fmay\u0131...","og_url":"https:\/\/kremafilm.com\/en\/biz-kimiz\/","og_site_name":"Krema Film","article_modified_time":"2024-06-15T14:02:50+00:00","og_image":[{"url":"https:\/\/kremafilm.com\/wp-content\/uploads\/2024\/06\/WhatsApp-Image-2024-06-15-at-15.58.57-scaled-e1718460153764.jpeg"}],"twitter_card":"summary_large_image","twitter_misc":{"Est. reading time":"1 minute"},"schema":{"@context":"https:\/\/schema.org","@graph":[{"@type":"WebPage","@id":"https:\/\/kremafilm.com\/biz-kimiz\/","url":"https:\/\/kremafilm.com\/biz-kimiz\/","name":"Biz Kimiz - Krema Film","isPartOf":{"@id":"https:\/\/kremafilm.com\/#website"},"datePublished":"2020-08-24T13:38:31+00:00","dateModified":"2024-06-15T14:02:50+00:00","breadcrumb":{"@id":"https:\/\/kremafilm.com\/biz-kimiz\/#breadcrumb"},"inLanguage":"en-US","potentialAction":[{"@type":"ReadAction","target":["https:\/\/kremafilm.com\/biz-kimiz\/"]}]},{"@type":"BreadcrumbList","@id":"https:\/\/kremafilm.com\/biz-kimiz\/#breadcrumb","itemListElement":[{"@type":"ListItem","position":1,"name":"Anasayfa","item":"https:\/\/kremafilm.com\/"},{"@type":"ListItem","position":2,"name":"Biz Kimiz"}]},{"@type":"WebSite","@id":"https:\/\/kremafilm.com\/#website","url":"https:\/\/kremafilm.com\/","name":"Krema Film","description":"Shot Outside the Box","potentialAction":[{"@type":"SearchAction","target":{"@type":"EntryPoint","urlTemplate":"https:\/\/kremafilm.com\/?s={search_term_string}"},"query-input":"required name=search_term_string"}],"inLanguage":"en-US"}]}},"_links":{"self":[{"href":"https:\/\/kremafilm.com\/en\/wp-json\/wp\/v2\/pages\/97"}],"collection":[{"href":"https:\/\/kremafilm.com\/en\/wp-json\/wp\/v2\/pages"}],"about":[{"href":"https:\/\/kremafilm.com\/en\/wp-json\/wp\/v2\/types\/page"}],"author":[{"embeddable":true,"href":"https:\/\/kremafilm.com\/en\/wp-json\/wp\/v2\/users\/1"}],"replies":[{"embeddable":true,"href":"https:\/\/kremafilm.com\/en\/wp-json\/wp\/v2\/comments?post=97"}],"version-history":[{"count":61,"href":"https:\/\/kremafilm.com\/en\/wp-json\/wp\/v2\/pages\/97\/revisions"}],"predecessor-version":[{"id":592,"href":"https:\/\/kremafilm.com\/en\/wp-json\/wp\/v2\/pages\/97\/revisions\/592"}],"wp:attachment":[{"href":"https:\/\/kremafilm.com\/en\/wp-json\/wp\/v2\/media?parent=97"}],"curies":[{"name":"wp","href":"https:\/\/api.w.org\/{rel}","templated":true}]}}