{"id":381,"date":"2024-01-27T23:03:43","date_gmt":"2024-01-27T20:03:43","guid":{"rendered":"https:\/\/kremafilm.com\/?page_id=381"},"modified":"2024-01-27T23:23:53","modified_gmt":"2024-01-27T20:23:53","slug":"kvkk-bildirimi","status":"publish","type":"page","link":"https:\/\/kremafilm.com\/en\/kvkk-bildirimi\/","title":{"rendered":"KVKK Notification"},"content":{"rendered":"<div data-elementor-type=\"wp-page\" data-elementor-id=\"381\" class=\"elementor elementor-381\">\n\t\t\t\t\t\t\t\t\t<section class=\"elementor-section elementor-top-section elementor-element elementor-element-acfdbe7 elementor-section-full_width elementor-section-height-default elementor-section-height-default parallax_section_no qode_elementor_container_no qode-content-aligment-left\" data-id=\"acfdbe7\" data-element_type=\"section\">\n\t\t\t\t\t\t<div class=\"elementor-container elementor-column-gap-default\">\n\t\t\t\t\t<div class=\"elementor-column elementor-col-100 elementor-top-column elementor-element elementor-element-1bd6357\" data-id=\"1bd6357\" data-element_type=\"column\">\n\t\t\t<div class=\"elementor-widget-wrap elementor-element-populated\">\n\t\t\t\t\t\t\t\t<div class=\"elementor-element elementor-element-e06f131 elementor-widget elementor-widget-slider_revolution\" data-id=\"e06f131\" data-element_type=\"widget\" data-widget_type=\"slider_revolution.default\">\n\t\t\t\t<div class=\"elementor-widget-container\">\n\t\t\t\n\t\t<div class=\"wp-block-themepunch-revslider\">\n\t\t\t<!-- START home REVOLUTION SLIDER 6.5.11 --><p class=\"rs-p-wp-fix\"><\/p>\n\t\t\t<rs-module-wrap id=\"rev_slider_1_1_wrapper\" data-source=\"gallery\" style=\"visibility:hidden;background:transparent;padding:0;margin:0px auto;margin-top:0;margin-bottom:0;\">\n\t\t\t\t<rs-module id=\"rev_slider_1_1\" style=\"\" data-version=\"6.5.11\">\n\t\t\t\t\t<rs-slides>\n\t\t\t\t\t\t<rs-slide style=\"position: absolute;\" data-key=\"rs-1\" data-title=\"Slide\" data-in=\"o:0;\" data-out=\"a:false;\">\n\t\t\t\t\t\t\t<img decoding=\"async\" src=\"\/\/kremafilm.com\/wp-content\/plugins\/revslider\/public\/assets\/assets\/dummy.png\" alt=\"Slide\" title=\"KVKK Notification\" class=\"rev-slidebg tp-rs-img rs-lazyload\" data-lazyload=\"\/\/kremafilm.com\/wp-content\/plugins\/revslider\/public\/assets\/assets\/transparent.png\" data-no-retina>\n<!--\n\t\t\t\t\t\t\t--><rs-layer\n\t\t\t\t\t\t\t\tid=\"slider-1-slide-1-layer-0\" \n\t\t\t\t\t\t\t\tdata-type=\"image\"\n\t\t\t\t\t\t\t\tdata-xy=\"xo:80px,55px,55px,30px;y:m;yo:-5px,-60px,-60px,-60px;\"\n\t\t\t\t\t\t\t\tdata-text=\"w:normal;\"\n\t\t\t\t\t\t\t\tdata-dim=\"w:1347px,647px,580px,287px;h:305px,90px,81px,40px;\"\n\t\t\t\t\t\t\t\tdata-basealign=\"slide\"\n\t\t\t\t\t\t\t\tdata-rsp_o=\"off\"\n\t\t\t\t\t\t\t\tdata-rsp_bd=\"off\"\n\t\t\t\t\t\t\t\tdata-frame_0=\"y:100%;\"\n\t\t\t\t\t\t\t\tdata-frame_0_mask=\"u:t;\"\n\t\t\t\t\t\t\t\tdata-frame_1=\"st:50;sp:1200;sR:50;\"\n\t\t\t\t\t\t\t\tdata-frame_1_mask=\"u:t;\"\n\t\t\t\t\t\t\t\tdata-frame_999=\"o:0;st:w;sR:7750;\"\n\t\t\t\t\t\t\t\tstyle=\"z-index:8;\"\n\t\t\t\t\t\t\t><img fetchpriority=\"high\" decoding=\"async\" src=\"\/\/kremafilm.com\/wp-content\/plugins\/revslider\/public\/assets\/assets\/dummy.png\" class=\"tp-rs-img rs-lazyload\" width=\"1557\" height=\"353\" data-lazyload=\"\/\/kremafilm.com\/wp-content\/uploads\/2024\/01\/yeni-slider-resim-1.png\" data-no-retina> \n\t\t\t\t\t\t\t<\/rs-layer><!--\n-->\t\t\t\t\t\t<\/rs-slide>\n\t\t\t\t\t<\/rs-slides>\n\t\t\t\t<\/rs-module>\n\t\t\t\t<script type=\"text\/javascript\">\n\t\t\t\t\tsetREVStartSize({c: 'rev_slider_1_1',rl:[1240,1024,778,480],el:[350,420,500,420],gw:[1240,1024,778,480],gh:[350,420,500,420],type:'standard',justify:'',layout:'fullwidth',mh:\"0\"});if (window.RS_MODULES!==undefined && window.RS_MODULES.modules!==undefined && window.RS_MODULES.modules[\"revslider11\"]!==undefined) {window.RS_MODULES.modules[\"revslider11\"].once = false;window.revapi1 = undefined;if (window.RS_MODULES.checkMinimal!==undefined) window.RS_MODULES.checkMinimal()}\n\t\t\t\t<\/script>\n\t\t\t<\/rs-module-wrap>\n\t\t\t<!-- END REVOLUTION SLIDER -->\n<\/div>\n\n\t\t\t\t<\/div>\n\t\t\t\t<\/div>\n\t\t\t\t\t<\/div>\n\t\t<\/div>\n\t\t\t\t\t\t\t<\/div>\n\t\t<\/section>\n\t\t\t\t<section class=\"elementor-section elementor-top-section elementor-element elementor-element-6073aec elementor-section-full_width elementor-section-content-middle elementor-section-height-default elementor-section-height-default parallax_section_no qode_elementor_container_no qode-content-aligment-left\" data-id=\"6073aec\" data-element_type=\"section\">\n\t\t\t\t\t\t<div class=\"elementor-container elementor-column-gap-default\">\n\t\t\t\t\t<div class=\"elementor-column elementor-col-100 elementor-top-column elementor-element elementor-element-804c18a\" data-id=\"804c18a\" data-element_type=\"column\">\n\t\t\t<div class=\"elementor-widget-wrap elementor-element-populated\">\n\t\t\t\t\t\t\t\t<div class=\"elementor-element elementor-element-89f42f3 elementor-widget elementor-widget-text-editor\" data-id=\"89f42f3\" data-element_type=\"widget\" data-widget_type=\"text-editor.default\">\n\t\t\t\t<div class=\"elementor-widget-container\">\n\t\t\t<style>\/*! elementor - v3.18.0 - 20-12-2023 *\/\n.elementor-widget-text-editor.elementor-drop-cap-view-stacked .elementor-drop-cap{background-color:#69727d;color:#fff}.elementor-widget-text-editor.elementor-drop-cap-view-framed .elementor-drop-cap{color:#69727d;border:3px solid;background-color:transparent}.elementor-widget-text-editor:not(.elementor-drop-cap-view-default) .elementor-drop-cap{margin-top:8px}.elementor-widget-text-editor:not(.elementor-drop-cap-view-default) .elementor-drop-cap-letter{width:1em;height:1em}.elementor-widget-text-editor .elementor-drop-cap{float:left;text-align:center;line-height:1;font-size:50px}.elementor-widget-text-editor .elementor-drop-cap-letter{display:inline-block}<\/style>\t\t\t\t<h3>KVKK Notification<\/h3>\t\t\t\t\t\t<\/div>\n\t\t\t\t<\/div>\n\t\t\t\t<div class=\"elementor-element elementor-element-d150766 elementor-widget elementor-widget-text-editor\" data-id=\"d150766\" data-element_type=\"widget\" data-widget_type=\"text-editor.default\">\n\t\t\t\t<div class=\"elementor-widget-container\">\n\t\t\t\t\t\t\t<p>As Kremfilm.com, we take the necessary precautions as the Data Controller during the processes of preserving, processing and transferring your personal data in accordance with the principle of privacy of private life and the protection of fundamental rights and freedoms of individuals in accordance with the legislation.<\/p><p>\u00a0<\/p><p>We have prepared our Personal Data Processing Information Text (\u201cInformation Text\u201d) in order to inform data subjects regarding the processing, storage and transfer of your personal data within the framework of the Personal Data Protection Law (KVKK) and legal regulations. On this page, you can access our information as the data controller, the purpose for which personal data will be processed, to whom and for what purpose it can be transferred, the method and legal reason for collecting personal data, and all information about your rights listed in the KVKK.<\/p><p>\u00a0<\/p><p>We can make changes to the Information Text if necessary. Any changes will become valid upon publication.<\/p>\t\t\t\t\t\t<\/div>\n\t\t\t\t<\/div>\n\t\t\t\t\t<\/div>\n\t\t<\/div>\n\t\t\t\t\t\t\t<\/div>\n\t\t<\/section>\n\t\t\t\t\t\t\t<\/div>","protected":false},"excerpt":{"rendered":"<p>KVKK Bildirimi Ki\u015fisel verilerinizi \u00f6zel hayat\u0131n gizlili\u011fi ve ki\u015filerin temel hak ve \u00f6zg\u00fcrl\u00fcklerinin korunmas\u0131 ilkesine uygun olarak muhafazas\u0131, i\u015flenmesi ve mevzuata uygun olarak aktar\u0131m\u0131 a\u015famalar\u0131nda kremafilm.com olarak Veri Sorumlusu s\u0131fat\u0131 ile gerekli \u00f6nlemleri al\u0131yoruz. \u00a0 Ki\u015fisel Verilerin \u0130\u015flenmesi Ayd\u0131nlatma Metnimizi\u00a0(\u201cAyd\u0131nlatma Metni\u201d) Ki\u015fisel Verilerin Korunmas\u0131 Kanunu&#8230;<\/p>","protected":false},"author":1,"featured_media":0,"parent":0,"menu_order":0,"comment_status":"closed","ping_status":"closed","template":"full_width.php","meta":{"footnotes":""},"yoast_head":"<!-- This site is optimized with the Yoast SEO plugin v21.9.1 - https:\/\/yoast.com\/wordpress\/plugins\/seo\/ -->\n<title>KVKK Bildirimi - Krema Film<\/title>\n<meta name=\"robots\" content=\"index, follow, max-snippet:-1, max-image-preview:large, max-video-preview:-1\" \/>\n<link rel=\"canonical\" href=\"https:\/\/kremafilm.com\/en\/kvkk-bildirimi\/\" \/>\n<meta property=\"og:locale\" content=\"en_US\" \/>\n<meta property=\"og:type\" content=\"article\" \/>\n<meta property=\"og:title\" content=\"KVKK Bildirimi - Krema Film\" \/>\n<meta property=\"og:description\" content=\"KVKK Bildirimi Ki\u015fisel verilerinizi \u00f6zel hayat\u0131n gizlili\u011fi ve ki\u015filerin temel hak ve \u00f6zg\u00fcrl\u00fcklerinin korunmas\u0131 ilkesine uygun olarak muhafazas\u0131, i\u015flenmesi ve mevzuata uygun olarak aktar\u0131m\u0131 a\u015famalar\u0131nda kremafilm.com olarak Veri Sorumlusu s\u0131fat\u0131 ile gerekli \u00f6nlemleri al\u0131yoruz. \u00a0 Ki\u015fisel Verilerin \u0130\u015flenmesi Ayd\u0131nlatma Metnimizi\u00a0(\u201cAyd\u0131nlatma Metni\u201d) Ki\u015fisel Verilerin Korunmas\u0131 Kanunu...\" \/>\n<meta property=\"og:url\" content=\"https:\/\/kremafilm.com\/en\/kvkk-bildirimi\/\" \/>\n<meta property=\"og:site_name\" content=\"Krema Film\" \/>\n<meta property=\"article:modified_time\" content=\"2024-01-27T20:23:53+00:00\" \/>\n<meta name=\"twitter:card\" content=\"summary_large_image\" \/>\n<meta name=\"twitter:label1\" content=\"Est. reading time\" \/>\n\t<meta name=\"twitter:data1\" content=\"1 minute\" \/>\n<script type=\"application\/ld+json\" class=\"yoast-schema-graph\">{\"@context\":\"https:\/\/schema.org\",\"@graph\":[{\"@type\":\"WebPage\",\"@id\":\"https:\/\/kremafilm.com\/kvkk-bildirimi\/\",\"url\":\"https:\/\/kremafilm.com\/kvkk-bildirimi\/\",\"name\":\"KVKK Bildirimi - Krema Film\",\"isPartOf\":{\"@id\":\"https:\/\/kremafilm.com\/#website\"},\"datePublished\":\"2024-01-27T20:03:43+00:00\",\"dateModified\":\"2024-01-27T20:23:53+00:00\",\"breadcrumb\":{\"@id\":\"https:\/\/kremafilm.com\/kvkk-bildirimi\/#breadcrumb\"},\"inLanguage\":\"en-US\",\"potentialAction\":[{\"@type\":\"ReadAction\",\"target\":[\"https:\/\/kremafilm.com\/kvkk-bildirimi\/\"]}]},{\"@type\":\"BreadcrumbList\",\"@id\":\"https:\/\/kremafilm.com\/kvkk-bildirimi\/#breadcrumb\",\"itemListElement\":[{\"@type\":\"ListItem\",\"position\":1,\"name\":\"Anasayfa\",\"item\":\"https:\/\/kremafilm.com\/\"},{\"@type\":\"ListItem\",\"position\":2,\"name\":\"KVKK Bildirimi\"}]},{\"@type\":\"WebSite\",\"@id\":\"https:\/\/kremafilm.com\/#website\",\"url\":\"https:\/\/kremafilm.com\/\",\"name\":\"Krema Film\",\"description\":\"Shot Outside the Box\",\"potentialAction\":[{\"@type\":\"SearchAction\",\"target\":{\"@type\":\"EntryPoint\",\"urlTemplate\":\"https:\/\/kremafilm.com\/?s={search_term_string}\"},\"query-input\":\"required name=search_term_string\"}],\"inLanguage\":\"en-US\"}]}<\/script>\n<!-- \/ Yoast SEO plugin. -->","yoast_head_json":{"title":"KVKK Bildirimi - Krema Film","robots":{"index":"index","follow":"follow","max-snippet":"max-snippet:-1","max-image-preview":"max-image-preview:large","max-video-preview":"max-video-preview:-1"},"canonical":"https:\/\/kremafilm.com\/en\/kvkk-bildirimi\/","og_locale":"en_US","og_type":"article","og_title":"KVKK Bildirimi - Krema Film","og_description":"KVKK Bildirimi Ki\u015fisel verilerinizi \u00f6zel hayat\u0131n gizlili\u011fi ve ki\u015filerin temel hak ve \u00f6zg\u00fcrl\u00fcklerinin korunmas\u0131 ilkesine uygun olarak muhafazas\u0131, i\u015flenmesi ve mevzuata uygun olarak aktar\u0131m\u0131 a\u015famalar\u0131nda kremafilm.com olarak Veri Sorumlusu s\u0131fat\u0131 ile gerekli \u00f6nlemleri al\u0131yoruz. \u00a0 Ki\u015fisel Verilerin \u0130\u015flenmesi Ayd\u0131nlatma Metnimizi\u00a0(\u201cAyd\u0131nlatma Metni\u201d) Ki\u015fisel Verilerin Korunmas\u0131 Kanunu...","og_url":"https:\/\/kremafilm.com\/en\/kvkk-bildirimi\/","og_site_name":"Krema Film","article_modified_time":"2024-01-27T20:23:53+00:00","twitter_card":"summary_large_image","twitter_misc":{"Est. reading time":"1 minute"},"schema":{"@context":"https:\/\/schema.org","@graph":[{"@type":"WebPage","@id":"https:\/\/kremafilm.com\/kvkk-bildirimi\/","url":"https:\/\/kremafilm.com\/kvkk-bildirimi\/","name":"KVKK Bildirimi - Krema Film","isPartOf":{"@id":"https:\/\/kremafilm.com\/#website"},"datePublished":"2024-01-27T20:03:43+00:00","dateModified":"2024-01-27T20:23:53+00:00","breadcrumb":{"@id":"https:\/\/kremafilm.com\/kvkk-bildirimi\/#breadcrumb"},"inLanguage":"en-US","potentialAction":[{"@type":"ReadAction","target":["https:\/\/kremafilm.com\/kvkk-bildirimi\/"]}]},{"@type":"BreadcrumbList","@id":"https:\/\/kremafilm.com\/kvkk-bildirimi\/#breadcrumb","itemListElement":[{"@type":"ListItem","position":1,"name":"Anasayfa","item":"https:\/\/kremafilm.com\/"},{"@type":"ListItem","position":2,"name":"KVKK Bildirimi"}]},{"@type":"WebSite","@id":"https:\/\/kremafilm.com\/#website","url":"https:\/\/kremafilm.com\/","name":"Krema Film","description":"Shot Outside the Box","potentialAction":[{"@type":"SearchAction","target":{"@type":"EntryPoint","urlTemplate":"https:\/\/kremafilm.com\/?s={search_term_string}"},"query-input":"required name=search_term_string"}],"inLanguage":"en-US"}]}},"_links":{"self":[{"href":"https:\/\/kremafilm.com\/en\/wp-json\/wp\/v2\/pages\/381"}],"collection":[{"href":"https:\/\/kremafilm.com\/en\/wp-json\/wp\/v2\/pages"}],"about":[{"href":"https:\/\/kremafilm.com\/en\/wp-json\/wp\/v2\/types\/page"}],"author":[{"embeddable":true,"href":"https:\/\/kremafilm.com\/en\/wp-json\/wp\/v2\/users\/1"}],"replies":[{"embeddable":true,"href":"https:\/\/kremafilm.com\/en\/wp-json\/wp\/v2\/comments?post=381"}],"version-history":[{"count":7,"href":"https:\/\/kremafilm.com\/en\/wp-json\/wp\/v2\/pages\/381\/revisions"}],"predecessor-version":[{"id":406,"href":"https:\/\/kremafilm.com\/en\/wp-json\/wp\/v2\/pages\/381\/revisions\/406"}],"wp:attachment":[{"href":"https:\/\/kremafilm.com\/en\/wp-json\/wp\/v2\/media?parent=381"}],"curies":[{"name":"wp","href":"https:\/\/api.w.org\/{rel}","templated":true}]}}