{"id":371,"date":"2024-01-27T22:56:48","date_gmt":"2024-01-27T19:56:48","guid":{"rendered":"https:\/\/kremafilm.com\/?page_id=371"},"modified":"2024-01-27T23:22:32","modified_gmt":"2024-01-27T20:22:32","slug":"gizlilik-politikasi","status":"publish","type":"page","link":"https:\/\/kremafilm.com\/en\/gizlilik-politikasi\/","title":{"rendered":"Privacy Policy"},"content":{"rendered":"<div data-elementor-type=\"wp-page\" data-elementor-id=\"371\" class=\"elementor elementor-371\">\n\t\t\t\t\t\t\t\t\t<section class=\"elementor-section elementor-top-section elementor-element elementor-element-acfdbe7 elementor-section-full_width elementor-section-height-default elementor-section-height-default parallax_section_no qode_elementor_container_no qode-content-aligment-left\" data-id=\"acfdbe7\" data-element_type=\"section\">\n\t\t\t\t\t\t<div class=\"elementor-container elementor-column-gap-default\">\n\t\t\t\t\t<div class=\"elementor-column elementor-col-100 elementor-top-column elementor-element elementor-element-1bd6357\" data-id=\"1bd6357\" data-element_type=\"column\">\n\t\t\t<div class=\"elementor-widget-wrap elementor-element-populated\">\n\t\t\t\t\t\t\t\t<div class=\"elementor-element elementor-element-e06f131 elementor-widget elementor-widget-slider_revolution\" data-id=\"e06f131\" data-element_type=\"widget\" data-widget_type=\"slider_revolution.default\">\n\t\t\t\t<div class=\"elementor-widget-container\">\n\t\t\t\n\t\t<div class=\"wp-block-themepunch-revslider\">\n\t\t\t<!-- START home REVOLUTION SLIDER 6.5.11 --><p class=\"rs-p-wp-fix\"><\/p>\n\t\t\t<rs-module-wrap id=\"rev_slider_1_1_wrapper\" data-source=\"gallery\" style=\"visibility:hidden;background:transparent;padding:0;margin:0px auto;margin-top:0;margin-bottom:0;\">\n\t\t\t\t<rs-module id=\"rev_slider_1_1\" style=\"\" data-version=\"6.5.11\">\n\t\t\t\t\t<rs-slides>\n\t\t\t\t\t\t<rs-slide style=\"position: absolute;\" data-key=\"rs-1\" data-title=\"Slide\" data-in=\"o:0;\" data-out=\"a:false;\">\n\t\t\t\t\t\t\t<img decoding=\"async\" src=\"\/\/kremafilm.com\/wp-content\/plugins\/revslider\/public\/assets\/assets\/dummy.png\" alt=\"Slide\" title=\"Privacy Policy\" class=\"rev-slidebg tp-rs-img rs-lazyload\" data-lazyload=\"\/\/kremafilm.com\/wp-content\/plugins\/revslider\/public\/assets\/assets\/transparent.png\" data-no-retina>\n<!--\n\t\t\t\t\t\t\t--><rs-layer\n\t\t\t\t\t\t\t\tid=\"slider-1-slide-1-layer-0\" \n\t\t\t\t\t\t\t\tdata-type=\"image\"\n\t\t\t\t\t\t\t\tdata-xy=\"xo:80px,55px,55px,30px;y:m;yo:-5px,-60px,-60px,-60px;\"\n\t\t\t\t\t\t\t\tdata-text=\"w:normal;\"\n\t\t\t\t\t\t\t\tdata-dim=\"w:1347px,647px,580px,287px;h:305px,90px,81px,40px;\"\n\t\t\t\t\t\t\t\tdata-basealign=\"slide\"\n\t\t\t\t\t\t\t\tdata-rsp_o=\"off\"\n\t\t\t\t\t\t\t\tdata-rsp_bd=\"off\"\n\t\t\t\t\t\t\t\tdata-frame_0=\"y:100%;\"\n\t\t\t\t\t\t\t\tdata-frame_0_mask=\"u:t;\"\n\t\t\t\t\t\t\t\tdata-frame_1=\"st:50;sp:1200;sR:50;\"\n\t\t\t\t\t\t\t\tdata-frame_1_mask=\"u:t;\"\n\t\t\t\t\t\t\t\tdata-frame_999=\"o:0;st:w;sR:7750;\"\n\t\t\t\t\t\t\t\tstyle=\"z-index:8;\"\n\t\t\t\t\t\t\t><img fetchpriority=\"high\" decoding=\"async\" src=\"\/\/kremafilm.com\/wp-content\/plugins\/revslider\/public\/assets\/assets\/dummy.png\" class=\"tp-rs-img rs-lazyload\" width=\"1557\" height=\"353\" data-lazyload=\"\/\/kremafilm.com\/wp-content\/uploads\/2024\/01\/yeni-slider-resim-1.png\" data-no-retina> \n\t\t\t\t\t\t\t<\/rs-layer><!--\n-->\t\t\t\t\t\t<\/rs-slide>\n\t\t\t\t\t<\/rs-slides>\n\t\t\t\t<\/rs-module>\n\t\t\t\t<script type=\"text\/javascript\">\n\t\t\t\t\tsetREVStartSize({c: 'rev_slider_1_1',rl:[1240,1024,778,480],el:[350,420,500,420],gw:[1240,1024,778,480],gh:[350,420,500,420],type:'standard',justify:'',layout:'fullwidth',mh:\"0\"});if (window.RS_MODULES!==undefined && window.RS_MODULES.modules!==undefined && window.RS_MODULES.modules[\"revslider11\"]!==undefined) {window.RS_MODULES.modules[\"revslider11\"].once = false;window.revapi1 = undefined;if (window.RS_MODULES.checkMinimal!==undefined) window.RS_MODULES.checkMinimal()}\n\t\t\t\t<\/script>\n\t\t\t<\/rs-module-wrap>\n\t\t\t<!-- END REVOLUTION SLIDER -->\n<\/div>\n\n\t\t\t\t<\/div>\n\t\t\t\t<\/div>\n\t\t\t\t\t<\/div>\n\t\t<\/div>\n\t\t\t\t\t\t\t<\/div>\n\t\t<\/section>\n\t\t\t\t<section class=\"elementor-section elementor-top-section elementor-element elementor-element-6073aec elementor-section-full_width elementor-section-content-middle elementor-section-height-default elementor-section-height-default parallax_section_no qode_elementor_container_no qode-content-aligment-left\" data-id=\"6073aec\" data-element_type=\"section\">\n\t\t\t\t\t\t<div class=\"elementor-container elementor-column-gap-default\">\n\t\t\t\t\t<div class=\"elementor-column elementor-col-100 elementor-top-column elementor-element elementor-element-804c18a\" data-id=\"804c18a\" data-element_type=\"column\">\n\t\t\t<div class=\"elementor-widget-wrap elementor-element-populated\">\n\t\t\t\t\t\t\t\t<div class=\"elementor-element elementor-element-89f42f3 elementor-widget elementor-widget-text-editor\" data-id=\"89f42f3\" data-element_type=\"widget\" data-widget_type=\"text-editor.default\">\n\t\t\t\t<div class=\"elementor-widget-container\">\n\t\t\t<style>\/*! elementor - v3.18.0 - 20-12-2023 *\/\n.elementor-widget-text-editor.elementor-drop-cap-view-stacked .elementor-drop-cap{background-color:#69727d;color:#fff}.elementor-widget-text-editor.elementor-drop-cap-view-framed .elementor-drop-cap{color:#69727d;border:3px solid;background-color:transparent}.elementor-widget-text-editor:not(.elementor-drop-cap-view-default) .elementor-drop-cap{margin-top:8px}.elementor-widget-text-editor:not(.elementor-drop-cap-view-default) .elementor-drop-cap-letter{width:1em;height:1em}.elementor-widget-text-editor .elementor-drop-cap{float:left;text-align:center;line-height:1;font-size:50px}.elementor-widget-text-editor .elementor-drop-cap-letter{display:inline-block}<\/style>\t\t\t\t<h3>Privacy Policy<\/h3>\t\t\t\t\t\t<\/div>\n\t\t\t\t<\/div>\n\t\t\t\t<div class=\"elementor-element elementor-element-d150766 elementor-widget elementor-widget-text-editor\" data-id=\"d150766\" data-element_type=\"widget\" data-widget_type=\"text-editor.default\">\n\t\t\t\t<div class=\"elementor-widget-container\">\n\t\t\t\t\t\t\t<p>Your safety is important to us. For this reason, the personal data you share with us is protected sensitively.<\/p><p>\u00a0<\/p><p>We, as Krema Film, with this privacy and personal data protection policy, which of your personal data will be processed for what purpose, with whom and why the processed data can be shared, our data processing method and legal reasons; We aim to enlighten you about what your rights are regarding your processed data.<\/p><p>\u00a0<\/p><p><strong>Your Collected Personal Data, Collection Method and Legal Reason<\/strong><\/p><p>\u00a0<\/p><p>Your IP address and user agent information are used only for analysis purposes and cookies, etc. It will be processed based on legitimate interest processing, within the framework of and during the service and contractual relationship between us, by obtaining, recording, storing and updating through technologies, automatic or non-automatic methods and sometimes from third parties such as analytics providers, advertising networks, search information providers, technology providers. .<\/p><p>\u00a0<\/p><p><strong>Purpose of Processing Your Personal Data<\/strong><\/p><p>\u00a0<\/p><p>The personal data you share with us is only available through analysis; To be able to fulfill the requirements of the services we offer in the best possible way, to ensure that these services can be accessed and benefited from at the maximum level by you, to be able to develop our services in line with your needs and to bring you together with more comprehensive service providers within legal frameworks and to comply with the obligations arising from the law (personal data can be shared with judicial and administrative authorities upon request). will be processed and updated in accordance with its purpose and in a measured manner throughout the contract and service period, in order to fulfill the<\/p><p>\u00a0<\/p><p><strong>To whom and for what purposes the collected personal data can be transferred<\/strong><\/p><p>\u00a0<\/p><p>Your personal data you share with us; It can be transferred to domestic and foreign third parties, institutions and organizations from which we receive and\/or provide services to carry out our activities, with whom we have contractual relations and with whom we cooperate, and to judicial and administrative authorities upon request, provided that the necessary technical and administrative measures are taken.<\/p><p>\u00a0<\/p><p><strong>Your Rights as the Person Whose Personal Data is Processed<\/strong><\/p><p>\u00a0<\/p><p>In accordance with Article 11 of KVKK, anyone can exercise the following rights by applying to the data controller:<\/p><p>\u00a0<\/p><p>Learning whether personal data is processed or not,<\/p><p>Requesting information if personal data has been processed,<\/p><p>Learning the purpose of processing personal data and whether they are used for their intended purpose,<\/p><p>Knowing the third parties to whom personal data is transferred at home or abroad,<\/p><p>Requesting correction of personal data if it is incomplete or incorrectly processed,<\/p><p>Requesting the deletion or destruction of personal data,<\/p><p>Requesting that the transactions carried out in accordance with paragraphs (e) and (f) be notified to third parties to whom personal data is transferred,<\/p><p>Objecting to the emergence of a result that is unfavorable to the individual by analyzing the processed data exclusively through automatic systems,<\/p><p>In case of damage due to unlawful processing of personal data, they have the right to demand compensation for the damage.<\/p><p>\u00a0<\/p><p>You can contact us via info@kremafilm.com to exercise your rights listed above.<\/p><p>\u00a0<\/p><p><strong>Contact<\/strong><\/p><p>\u00a0<\/p><p>You are completely free to accept or reject the processing of only your necessary personal data in accordance with this privacy and personal data processing policy in order to perform analyzes for the purpose of providing you with service. If you continue to use the site, we will assume that you have accepted it. For more detailed information, please do not hesitate to contact us via e-mail address info@kremafilm.com.<\/p>\t\t\t\t\t\t<\/div>\n\t\t\t\t<\/div>\n\t\t\t\t\t<\/div>\n\t\t<\/div>\n\t\t\t\t\t\t\t<\/div>\n\t\t<\/section>\n\t\t\t\t\t\t\t<\/div>","protected":false},"excerpt":{"rendered":"<p>Gizlilik Politikas\u0131 G\u00fcvenli\u011finiz bizim i\u00e7in \u00f6nemli. Bu sebeple bizimle payla\u015ft\u0131\u011f\u0131n\u0131z ki\u015fisel verileriniz hassasiyetle korunmaktad\u0131r. \u00a0 Biz, Krema Film\u00a0 olarak bu gizlilik ve ki\u015fisel verilerin korunmas\u0131 politikas\u0131 ile, hangi ki\u015fisel verilerinizin hangi ama\u00e7la i\u015flenece\u011fi, i\u015flenen verilerin kimlerle ve neden payla\u015f\u0131labilece\u011fi, veri i\u015fleme y\u00f6ntemimiz ve hukuki sebeplerimiz&#8230;<\/p>","protected":false},"author":1,"featured_media":0,"parent":0,"menu_order":0,"comment_status":"closed","ping_status":"closed","template":"full_width.php","meta":{"footnotes":""},"yoast_head":"<!-- This site is optimized with the Yoast SEO plugin v21.9.1 - https:\/\/yoast.com\/wordpress\/plugins\/seo\/ -->\n<title>Gizlilik Politikas\u0131 - Krema Film<\/title>\n<meta name=\"robots\" content=\"index, follow, max-snippet:-1, max-image-preview:large, max-video-preview:-1\" \/>\n<link rel=\"canonical\" href=\"https:\/\/kremafilm.com\/en\/gizlilik-politikasi\/\" \/>\n<meta property=\"og:locale\" content=\"en_US\" \/>\n<meta property=\"og:type\" content=\"article\" \/>\n<meta property=\"og:title\" content=\"Gizlilik Politikas\u0131 - Krema Film\" \/>\n<meta property=\"og:description\" content=\"Gizlilik Politikas\u0131 G\u00fcvenli\u011finiz bizim i\u00e7in \u00f6nemli. Bu sebeple bizimle payla\u015ft\u0131\u011f\u0131n\u0131z ki\u015fisel verileriniz hassasiyetle korunmaktad\u0131r. \u00a0 Biz, Krema Film\u00a0 olarak bu gizlilik ve ki\u015fisel verilerin korunmas\u0131 politikas\u0131 ile, hangi ki\u015fisel verilerinizin hangi ama\u00e7la i\u015flenece\u011fi, i\u015flenen verilerin kimlerle ve neden payla\u015f\u0131labilece\u011fi, veri i\u015fleme y\u00f6ntemimiz ve hukuki sebeplerimiz...\" \/>\n<meta property=\"og:url\" content=\"https:\/\/kremafilm.com\/en\/gizlilik-politikasi\/\" \/>\n<meta property=\"og:site_name\" content=\"Krema Film\" \/>\n<meta property=\"article:modified_time\" content=\"2024-01-27T20:22:32+00:00\" \/>\n<meta name=\"twitter:card\" content=\"summary_large_image\" \/>\n<meta name=\"twitter:label1\" content=\"Est. reading time\" \/>\n\t<meta name=\"twitter:data1\" content=\"3 minutes\" \/>\n<script type=\"application\/ld+json\" class=\"yoast-schema-graph\">{\"@context\":\"https:\/\/schema.org\",\"@graph\":[{\"@type\":\"WebPage\",\"@id\":\"https:\/\/kremafilm.com\/gizlilik-politikasi\/\",\"url\":\"https:\/\/kremafilm.com\/gizlilik-politikasi\/\",\"name\":\"Gizlilik Politikas\u0131 - Krema Film\",\"isPartOf\":{\"@id\":\"https:\/\/kremafilm.com\/#website\"},\"datePublished\":\"2024-01-27T19:56:48+00:00\",\"dateModified\":\"2024-01-27T20:22:32+00:00\",\"breadcrumb\":{\"@id\":\"https:\/\/kremafilm.com\/gizlilik-politikasi\/#breadcrumb\"},\"inLanguage\":\"en-US\",\"potentialAction\":[{\"@type\":\"ReadAction\",\"target\":[\"https:\/\/kremafilm.com\/gizlilik-politikasi\/\"]}]},{\"@type\":\"BreadcrumbList\",\"@id\":\"https:\/\/kremafilm.com\/gizlilik-politikasi\/#breadcrumb\",\"itemListElement\":[{\"@type\":\"ListItem\",\"position\":1,\"name\":\"Anasayfa\",\"item\":\"https:\/\/kremafilm.com\/\"},{\"@type\":\"ListItem\",\"position\":2,\"name\":\"Gizlilik Politikas\u0131\"}]},{\"@type\":\"WebSite\",\"@id\":\"https:\/\/kremafilm.com\/#website\",\"url\":\"https:\/\/kremafilm.com\/\",\"name\":\"Krema Film\",\"description\":\"Shot Outside the Box\",\"potentialAction\":[{\"@type\":\"SearchAction\",\"target\":{\"@type\":\"EntryPoint\",\"urlTemplate\":\"https:\/\/kremafilm.com\/?s={search_term_string}\"},\"query-input\":\"required name=search_term_string\"}],\"inLanguage\":\"en-US\"}]}<\/script>\n<!-- \/ Yoast SEO plugin. -->","yoast_head_json":{"title":"Gizlilik Politikas\u0131 - Krema Film","robots":{"index":"index","follow":"follow","max-snippet":"max-snippet:-1","max-image-preview":"max-image-preview:large","max-video-preview":"max-video-preview:-1"},"canonical":"https:\/\/kremafilm.com\/en\/gizlilik-politikasi\/","og_locale":"en_US","og_type":"article","og_title":"Gizlilik Politikas\u0131 - Krema Film","og_description":"Gizlilik Politikas\u0131 G\u00fcvenli\u011finiz bizim i\u00e7in \u00f6nemli. Bu sebeple bizimle payla\u015ft\u0131\u011f\u0131n\u0131z ki\u015fisel verileriniz hassasiyetle korunmaktad\u0131r. \u00a0 Biz, Krema Film\u00a0 olarak bu gizlilik ve ki\u015fisel verilerin korunmas\u0131 politikas\u0131 ile, hangi ki\u015fisel verilerinizin hangi ama\u00e7la i\u015flenece\u011fi, i\u015flenen verilerin kimlerle ve neden payla\u015f\u0131labilece\u011fi, veri i\u015fleme y\u00f6ntemimiz ve hukuki sebeplerimiz...","og_url":"https:\/\/kremafilm.com\/en\/gizlilik-politikasi\/","og_site_name":"Krema Film","article_modified_time":"2024-01-27T20:22:32+00:00","twitter_card":"summary_large_image","twitter_misc":{"Est. reading time":"3 minutes"},"schema":{"@context":"https:\/\/schema.org","@graph":[{"@type":"WebPage","@id":"https:\/\/kremafilm.com\/gizlilik-politikasi\/","url":"https:\/\/kremafilm.com\/gizlilik-politikasi\/","name":"Gizlilik Politikas\u0131 - Krema Film","isPartOf":{"@id":"https:\/\/kremafilm.com\/#website"},"datePublished":"2024-01-27T19:56:48+00:00","dateModified":"2024-01-27T20:22:32+00:00","breadcrumb":{"@id":"https:\/\/kremafilm.com\/gizlilik-politikasi\/#breadcrumb"},"inLanguage":"en-US","potentialAction":[{"@type":"ReadAction","target":["https:\/\/kremafilm.com\/gizlilik-politikasi\/"]}]},{"@type":"BreadcrumbList","@id":"https:\/\/kremafilm.com\/gizlilik-politikasi\/#breadcrumb","itemListElement":[{"@type":"ListItem","position":1,"name":"Anasayfa","item":"https:\/\/kremafilm.com\/"},{"@type":"ListItem","position":2,"name":"Gizlilik Politikas\u0131"}]},{"@type":"WebSite","@id":"https:\/\/kremafilm.com\/#website","url":"https:\/\/kremafilm.com\/","name":"Krema Film","description":"Shot Outside the Box","potentialAction":[{"@type":"SearchAction","target":{"@type":"EntryPoint","urlTemplate":"https:\/\/kremafilm.com\/?s={search_term_string}"},"query-input":"required name=search_term_string"}],"inLanguage":"en-US"}]}},"_links":{"self":[{"href":"https:\/\/kremafilm.com\/en\/wp-json\/wp\/v2\/pages\/371"}],"collection":[{"href":"https:\/\/kremafilm.com\/en\/wp-json\/wp\/v2\/pages"}],"about":[{"href":"https:\/\/kremafilm.com\/en\/wp-json\/wp\/v2\/types\/page"}],"author":[{"embeddable":true,"href":"https:\/\/kremafilm.com\/en\/wp-json\/wp\/v2\/users\/1"}],"replies":[{"embeddable":true,"href":"https:\/\/kremafilm.com\/en\/wp-json\/wp\/v2\/comments?post=371"}],"version-history":[{"count":11,"href":"https:\/\/kremafilm.com\/en\/wp-json\/wp\/v2\/pages\/371\/revisions"}],"predecessor-version":[{"id":400,"href":"https:\/\/kremafilm.com\/en\/wp-json\/wp\/v2\/pages\/371\/revisions\/400"}],"wp:attachment":[{"href":"https:\/\/kremafilm.com\/en\/wp-json\/wp\/v2\/media?parent=371"}],"curies":[{"name":"wp","href":"https:\/\/api.w.org\/{rel}","templated":true}]}}