{"id":264,"date":"2024-01-27T18:44:57","date_gmt":"2024-01-27T15:44:57","guid":{"rendered":"https:\/\/kremafilm.com\/?page_id=264"},"modified":"2024-01-27T22:37:05","modified_gmt":"2024-01-27T19:37:05","slug":"duyurular","status":"publish","type":"page","link":"https:\/\/kremafilm.com\/en\/duyurular\/","title":{"rendered":"Announcements"},"content":{"rendered":"<div data-elementor-type=\"wp-page\" data-elementor-id=\"264\" class=\"elementor elementor-264\">\n\t\t\t\t\t\t\t\t\t<section class=\"elementor-section elementor-top-section elementor-element elementor-element-acfdbe7 elementor-section-full_width elementor-section-height-default elementor-section-height-default parallax_section_no qode_elementor_container_no qode-content-aligment-left\" data-id=\"acfdbe7\" data-element_type=\"section\">\n\t\t\t\t\t\t<div class=\"elementor-container elementor-column-gap-default\">\n\t\t\t\t\t<div class=\"elementor-column elementor-col-100 elementor-top-column elementor-element elementor-element-1bd6357\" data-id=\"1bd6357\" data-element_type=\"column\">\n\t\t\t<div class=\"elementor-widget-wrap elementor-element-populated\">\n\t\t\t\t\t\t\t\t<div class=\"elementor-element elementor-element-e06f131 elementor-widget elementor-widget-slider_revolution\" data-id=\"e06f131\" data-element_type=\"widget\" data-widget_type=\"slider_revolution.default\">\n\t\t\t\t<div class=\"elementor-widget-container\">\n\t\t\t\n\t\t<div class=\"wp-block-themepunch-revslider\">\n\t\t\t<!-- START home REVOLUTION SLIDER 6.5.11 --><p class=\"rs-p-wp-fix\"><\/p>\n\t\t\t<rs-module-wrap id=\"rev_slider_1_1_wrapper\" data-source=\"gallery\" style=\"visibility:hidden;background:transparent;padding:0;margin:0px auto;margin-top:0;margin-bottom:0;\">\n\t\t\t\t<rs-module id=\"rev_slider_1_1\" style=\"\" data-version=\"6.5.11\">\n\t\t\t\t\t<rs-slides>\n\t\t\t\t\t\t<rs-slide style=\"position: absolute;\" data-key=\"rs-1\" data-title=\"Slide\" data-in=\"o:0;\" data-out=\"a:false;\">\n\t\t\t\t\t\t\t<img decoding=\"async\" src=\"\/\/kremafilm.com\/wp-content\/plugins\/revslider\/public\/assets\/assets\/dummy.png\" alt=\"Slide\" title=\"Announcements\" class=\"rev-slidebg tp-rs-img rs-lazyload\" data-lazyload=\"\/\/kremafilm.com\/wp-content\/plugins\/revslider\/public\/assets\/assets\/transparent.png\" data-no-retina>\n<!--\n\t\t\t\t\t\t\t--><rs-layer\n\t\t\t\t\t\t\t\tid=\"slider-1-slide-1-layer-0\" \n\t\t\t\t\t\t\t\tdata-type=\"image\"\n\t\t\t\t\t\t\t\tdata-xy=\"xo:80px,55px,55px,30px;y:m;yo:-5px,-60px,-60px,-60px;\"\n\t\t\t\t\t\t\t\tdata-text=\"w:normal;\"\n\t\t\t\t\t\t\t\tdata-dim=\"w:1347px,647px,580px,287px;h:305px,90px,81px,40px;\"\n\t\t\t\t\t\t\t\tdata-basealign=\"slide\"\n\t\t\t\t\t\t\t\tdata-rsp_o=\"off\"\n\t\t\t\t\t\t\t\tdata-rsp_bd=\"off\"\n\t\t\t\t\t\t\t\tdata-frame_0=\"y:100%;\"\n\t\t\t\t\t\t\t\tdata-frame_0_mask=\"u:t;\"\n\t\t\t\t\t\t\t\tdata-frame_1=\"st:50;sp:1200;sR:50;\"\n\t\t\t\t\t\t\t\tdata-frame_1_mask=\"u:t;\"\n\t\t\t\t\t\t\t\tdata-frame_999=\"o:0;st:w;sR:7750;\"\n\t\t\t\t\t\t\t\tstyle=\"z-index:8;\"\n\t\t\t\t\t\t\t><img fetchpriority=\"high\" decoding=\"async\" src=\"\/\/kremafilm.com\/wp-content\/plugins\/revslider\/public\/assets\/assets\/dummy.png\" class=\"tp-rs-img rs-lazyload\" width=\"1557\" height=\"353\" data-lazyload=\"\/\/kremafilm.com\/wp-content\/uploads\/2024\/01\/yeni-slider-resim-1.png\" data-no-retina> \n\t\t\t\t\t\t\t<\/rs-layer><!--\n-->\t\t\t\t\t\t<\/rs-slide>\n\t\t\t\t\t<\/rs-slides>\n\t\t\t\t<\/rs-module>\n\t\t\t\t<script type=\"text\/javascript\">\n\t\t\t\t\tsetREVStartSize({c: 'rev_slider_1_1',rl:[1240,1024,778,480],el:[350,420,500,420],gw:[1240,1024,778,480],gh:[350,420,500,420],type:'standard',justify:'',layout:'fullwidth',mh:\"0\"});if (window.RS_MODULES!==undefined && window.RS_MODULES.modules!==undefined && window.RS_MODULES.modules[\"revslider11\"]!==undefined) {window.RS_MODULES.modules[\"revslider11\"].once = false;window.revapi1 = undefined;if (window.RS_MODULES.checkMinimal!==undefined) window.RS_MODULES.checkMinimal()}\n\t\t\t\t<\/script>\n\t\t\t<\/rs-module-wrap>\n\t\t\t<!-- END REVOLUTION SLIDER -->\n<\/div>\n\n\t\t\t\t<\/div>\n\t\t\t\t<\/div>\n\t\t\t\t\t<\/div>\n\t\t<\/div>\n\t\t\t\t\t\t\t<\/div>\n\t\t<\/section>\n\t\t\t\t<section class=\"elementor-section elementor-top-section elementor-element elementor-element-2ea5155 elementor-section-full_width elementor-section-height-default elementor-section-height-default parallax_section_no qode_elementor_container_no qode-content-aligment-left\" data-id=\"2ea5155\" data-element_type=\"section\">\n\t\t\t\t\t\t<div class=\"elementor-container elementor-column-gap-default\">\n\t\t\t\t\t<div class=\"elementor-column elementor-col-100 elementor-top-column elementor-element elementor-element-4f61877\" data-id=\"4f61877\" data-element_type=\"column\">\n\t\t\t<div class=\"elementor-widget-wrap elementor-element-populated\">\n\t\t\t\t\t\t\t\t<div class=\"elementor-element elementor-element-b01381b elementor-widget elementor-widget-latest_posts\" data-id=\"b01381b\" data-element_type=\"widget\" data-widget_type=\"latest_posts.default\">\n\t\t\t\t<div class=\"elementor-widget-container\">\n\t\t\t<div class='latest_post_holder boxes three_columns one_row'><ul><li class=\"clearfix\"><div class=\"boxes_image\"><a href=\"https:\/\/kremafilm.com\/en\/ornek-blog-yazisi\/\"><img decoding=\"async\" width=\"550\" height=\"498\" src=\"https:\/\/kremafilm.com\/wp-content\/uploads\/2020\/08\/home-img-1-550x498.jpg\" class=\"attachment-portfolio-default size-portfolio-default wp-post-image\" alt=\"s\" srcset=\"https:\/\/kremafilm.com\/wp-content\/uploads\/2020\/08\/home-img-1-550x498.jpg 550w, https:\/\/kremafilm.com\/wp-content\/uploads\/2020\/08\/home-img-1-480x434.jpg 480w, https:\/\/kremafilm.com\/wp-content\/uploads\/2020\/08\/home-img-1-125x112.jpg 125w\" sizes=\"(max-width: 550px) 100vw, 550px\" \/><span class=\"latest_post_overlay\"><i class=\"icon_plus\" aria-hidden=\"true\"><\/i><\/span><\/a><\/div><div class=\"latest_post\" ><div class=\"latest_post_text\"><h4 class=\"latest_post_title\"><a href=\"https:\/\/kremafilm.com\/en\/ornek-blog-yazisi\/\">Sample Blog Post<\/a><\/h4><p class=\"excerpt\">Welcome to WordPress. This is your first post. Edi...<\/p><\/div><\/div><\/li><li class=\"clearfix\"><div class=\"boxes_image\"><a href=\"https:\/\/kremafilm.com\/en\/ornek-blog-yazisi-3\/\"><img decoding=\"async\" width=\"550\" height=\"498\" src=\"https:\/\/kremafilm.com\/wp-content\/uploads\/2020\/08\/home-img-1-550x498.jpg\" class=\"attachment-portfolio-default size-portfolio-default wp-post-image\" alt=\"s\" srcset=\"https:\/\/kremafilm.com\/wp-content\/uploads\/2020\/08\/home-img-1-550x498.jpg 550w, https:\/\/kremafilm.com\/wp-content\/uploads\/2020\/08\/home-img-1-480x434.jpg 480w, https:\/\/kremafilm.com\/wp-content\/uploads\/2020\/08\/home-img-1-125x112.jpg 125w\" sizes=\"(max-width: 550px) 100vw, 550px\" \/><span class=\"latest_post_overlay\"><i class=\"icon_plus\" aria-hidden=\"true\"><\/i><\/span><\/a><\/div><div class=\"latest_post\" ><div class=\"latest_post_text\"><h4 class=\"latest_post_title\"><a href=\"https:\/\/kremafilm.com\/en\/ornek-blog-yazisi-3\/\">Sample Blog Post<\/a><\/h4><p class=\"excerpt\">Welcome to WordPress. This is your first post. Edi...<\/p><\/div><\/div><\/li><li class=\"clearfix\"><div class=\"boxes_image\"><a href=\"https:\/\/kremafilm.com\/en\/ornek-blog-yazisi-2\/\"><img decoding=\"async\" width=\"550\" height=\"498\" src=\"https:\/\/kremafilm.com\/wp-content\/uploads\/2020\/08\/home-img-1-550x498.jpg\" class=\"attachment-portfolio-default size-portfolio-default wp-post-image\" alt=\"s\" srcset=\"https:\/\/kremafilm.com\/wp-content\/uploads\/2020\/08\/home-img-1-550x498.jpg 550w, https:\/\/kremafilm.com\/wp-content\/uploads\/2020\/08\/home-img-1-480x434.jpg 480w, https:\/\/kremafilm.com\/wp-content\/uploads\/2020\/08\/home-img-1-125x112.jpg 125w\" sizes=\"(max-width: 550px) 100vw, 550px\" \/><span class=\"latest_post_overlay\"><i class=\"icon_plus\" aria-hidden=\"true\"><\/i><\/span><\/a><\/div><div class=\"latest_post\" ><div class=\"latest_post_text\"><h4 class=\"latest_post_title\"><a href=\"https:\/\/kremafilm.com\/en\/ornek-blog-yazisi-2\/\">Sample Blog Post<\/a><\/h4><p class=\"excerpt\">Welcome to WordPress. This is your first post. Edi...<\/p><\/div><\/div><\/li><\/ul><\/div>\t\t<\/div>\n\t\t\t\t<\/div>\n\t\t\t\t\t<\/div>\n\t\t<\/div>\n\t\t\t\t\t\t\t<\/div>\n\t\t<\/section>\n\t\t\t\t\t\t\t<\/div>","protected":false},"excerpt":{"rendered":"<p>\u00d6rnek Blog Yaz\u0131s\u0131 Welcome to WordPress. This is your first post. Edi&#8230; \u00d6rnek Blog Yaz\u0131s\u0131 Welcome to WordPress. This is your first post. Edi&#8230; \u00d6rnek Blog Yaz\u0131s\u0131 Welcome to WordPress. This is your first post. Edi&#8230;<\/p>","protected":false},"author":1,"featured_media":0,"parent":0,"menu_order":0,"comment_status":"closed","ping_status":"closed","template":"full_width.php","meta":{"footnotes":""},"yoast_head":"<!-- This site is optimized with the Yoast SEO plugin v21.9.1 - https:\/\/yoast.com\/wordpress\/plugins\/seo\/ -->\n<title>Duyurular - Krema Film<\/title>\n<meta name=\"robots\" content=\"index, follow, max-snippet:-1, max-image-preview:large, max-video-preview:-1\" \/>\n<link rel=\"canonical\" href=\"https:\/\/kremafilm.com\/en\/duyurular\/\" \/>\n<meta property=\"og:locale\" content=\"en_US\" \/>\n<meta property=\"og:type\" content=\"article\" \/>\n<meta property=\"og:title\" content=\"Duyurular - Krema Film\" \/>\n<meta property=\"og:description\" content=\"\u00d6rnek Blog Yaz\u0131s\u0131 Welcome to WordPress. This is your first post. Edi&#8230; \u00d6rnek Blog Yaz\u0131s\u0131 Welcome to WordPress. This is your first post. Edi&#8230; \u00d6rnek Blog Yaz\u0131s\u0131 Welcome to WordPress. This is your first post. Edi&#8230;\" \/>\n<meta property=\"og:url\" content=\"https:\/\/kremafilm.com\/en\/duyurular\/\" \/>\n<meta property=\"og:site_name\" content=\"Krema Film\" \/>\n<meta property=\"article:modified_time\" content=\"2024-01-27T19:37:05+00:00\" \/>\n<meta property=\"og:image\" content=\"https:\/\/kremafilm.com\/wp-content\/uploads\/2020\/08\/home-img-1-550x498.jpg\" \/>\n<meta name=\"twitter:card\" content=\"summary_large_image\" \/>\n<script type=\"application\/ld+json\" class=\"yoast-schema-graph\">{\"@context\":\"https:\/\/schema.org\",\"@graph\":[{\"@type\":\"WebPage\",\"@id\":\"https:\/\/kremafilm.com\/duyurular\/\",\"url\":\"https:\/\/kremafilm.com\/duyurular\/\",\"name\":\"Duyurular - Krema Film\",\"isPartOf\":{\"@id\":\"https:\/\/kremafilm.com\/#website\"},\"datePublished\":\"2024-01-27T15:44:57+00:00\",\"dateModified\":\"2024-01-27T19:37:05+00:00\",\"breadcrumb\":{\"@id\":\"https:\/\/kremafilm.com\/duyurular\/#breadcrumb\"},\"inLanguage\":\"en-US\",\"potentialAction\":[{\"@type\":\"ReadAction\",\"target\":[\"https:\/\/kremafilm.com\/duyurular\/\"]}]},{\"@type\":\"BreadcrumbList\",\"@id\":\"https:\/\/kremafilm.com\/duyurular\/#breadcrumb\",\"itemListElement\":[{\"@type\":\"ListItem\",\"position\":1,\"name\":\"Anasayfa\",\"item\":\"https:\/\/kremafilm.com\/\"},{\"@type\":\"ListItem\",\"position\":2,\"name\":\"Duyurular\"}]},{\"@type\":\"WebSite\",\"@id\":\"https:\/\/kremafilm.com\/#website\",\"url\":\"https:\/\/kremafilm.com\/\",\"name\":\"Krema Film\",\"description\":\"Shot Outside the Box\",\"potentialAction\":[{\"@type\":\"SearchAction\",\"target\":{\"@type\":\"EntryPoint\",\"urlTemplate\":\"https:\/\/kremafilm.com\/?s={search_term_string}\"},\"query-input\":\"required name=search_term_string\"}],\"inLanguage\":\"en-US\"}]}<\/script>\n<!-- \/ Yoast SEO plugin. -->","yoast_head_json":{"title":"Duyurular - Krema Film","robots":{"index":"index","follow":"follow","max-snippet":"max-snippet:-1","max-image-preview":"max-image-preview:large","max-video-preview":"max-video-preview:-1"},"canonical":"https:\/\/kremafilm.com\/en\/duyurular\/","og_locale":"en_US","og_type":"article","og_title":"Duyurular - Krema Film","og_description":"\u00d6rnek Blog Yaz\u0131s\u0131 Welcome to WordPress. This is your first post. Edi&#8230; \u00d6rnek Blog Yaz\u0131s\u0131 Welcome to WordPress. This is your first post. Edi&#8230; \u00d6rnek Blog Yaz\u0131s\u0131 Welcome to WordPress. This is your first post. Edi&#8230;","og_url":"https:\/\/kremafilm.com\/en\/duyurular\/","og_site_name":"Krema Film","article_modified_time":"2024-01-27T19:37:05+00:00","og_image":[{"url":"https:\/\/kremafilm.com\/wp-content\/uploads\/2020\/08\/home-img-1-550x498.jpg"}],"twitter_card":"summary_large_image","schema":{"@context":"https:\/\/schema.org","@graph":[{"@type":"WebPage","@id":"https:\/\/kremafilm.com\/duyurular\/","url":"https:\/\/kremafilm.com\/duyurular\/","name":"Duyurular - Krema Film","isPartOf":{"@id":"https:\/\/kremafilm.com\/#website"},"datePublished":"2024-01-27T15:44:57+00:00","dateModified":"2024-01-27T19:37:05+00:00","breadcrumb":{"@id":"https:\/\/kremafilm.com\/duyurular\/#breadcrumb"},"inLanguage":"en-US","potentialAction":[{"@type":"ReadAction","target":["https:\/\/kremafilm.com\/duyurular\/"]}]},{"@type":"BreadcrumbList","@id":"https:\/\/kremafilm.com\/duyurular\/#breadcrumb","itemListElement":[{"@type":"ListItem","position":1,"name":"Anasayfa","item":"https:\/\/kremafilm.com\/"},{"@type":"ListItem","position":2,"name":"Duyurular"}]},{"@type":"WebSite","@id":"https:\/\/kremafilm.com\/#website","url":"https:\/\/kremafilm.com\/","name":"Krema Film","description":"Shot Outside the Box","potentialAction":[{"@type":"SearchAction","target":{"@type":"EntryPoint","urlTemplate":"https:\/\/kremafilm.com\/?s={search_term_string}"},"query-input":"required name=search_term_string"}],"inLanguage":"en-US"}]}},"_links":{"self":[{"href":"https:\/\/kremafilm.com\/en\/wp-json\/wp\/v2\/pages\/264"}],"collection":[{"href":"https:\/\/kremafilm.com\/en\/wp-json\/wp\/v2\/pages"}],"about":[{"href":"https:\/\/kremafilm.com\/en\/wp-json\/wp\/v2\/types\/page"}],"author":[{"embeddable":true,"href":"https:\/\/kremafilm.com\/en\/wp-json\/wp\/v2\/users\/1"}],"replies":[{"embeddable":true,"href":"https:\/\/kremafilm.com\/en\/wp-json\/wp\/v2\/comments?post=264"}],"version-history":[{"count":19,"href":"https:\/\/kremafilm.com\/en\/wp-json\/wp\/v2\/pages\/264\/revisions"}],"predecessor-version":[{"id":342,"href":"https:\/\/kremafilm.com\/en\/wp-json\/wp\/v2\/pages\/264\/revisions\/342"}],"wp:attachment":[{"href":"https:\/\/kremafilm.com\/en\/wp-json\/wp\/v2\/media?parent=264"}],"curies":[{"name":"wp","href":"https:\/\/api.w.org\/{rel}","templated":true}]}}